{"id":53,"date":"2012-09-27T16:38:35","date_gmt":"2012-09-27T16:38:35","guid":{"rendered":"http:\/\/thesis.elmesondelosruices.com\/?page_id=53"},"modified":"2020-03-17T01:28:14","modified_gmt":"2020-03-17T01:28:14","slug":"aliados-y-beneficiarios","status":"publish","type":"page","link":"https:\/\/fundacionseguroscaracas.com\/?page_id=53","title":{"rendered":"Aliados y Beneficiarios"},"content":{"rendered":"<p>Como parte de nuestro plan estrat\u00e9gico, el establecimiento y consolidaci\u00f3n de v\u00ednculos institucionales con diversas organizaciones p\u00fablicas y privadas constituye un objetivo fundamental para sumar voluntades en torno a los temas de Diabetes y\u00a0<a href=\"http:\/\/tuseguridadvial.org\/\">Seguridad Vial<\/a>, convencidos como estamos de la complejidad de estos asuntos dentro de los m\u00e1s relevantes problemas de salud p\u00fablica del pa\u00eds. Hemos establecido y mantenemos canales de relaciones y comunicaci\u00f3n constante con:<\/p>\n<ul>\n<li>Comisi\u00f3n Interministerial para la Atenci\u00f3n, Prevenci\u00f3n y Educaci\u00f3n Vial (CIAPEV)<\/li>\n<li>\u00a0Instituto Zuliano de Diabetes (Inzudiabetes)<\/li>\n<li>\u00a0<a href=\"http:\/\/www.chacao.gov.ve\/iattc\/\">Instituto Aut\u00f3nomo de Tr\u00e1nsito, Transporte y Circulaci\u00f3n de Chacao<\/a> (IATTC)<\/li>\n<li><a style=\"font-size: inherit;\" href=\"http:\/\/www.inttt.gob.ve\/\">Instituto Nacional de Transporte y Tr\u00e1nsito Terrestre<\/a><span style=\"font-size: inherit;\">\u00a0(INTTT)<\/span><\/li>\n<li>Funda Diabetes.<\/li>\n<li>Asociaci\u00f3n Venezolana para la Prevenci\u00f3n de Accidentes y Enfermedades (Avepae)<\/li>\n<li><a href=\"http:\/\/www.asotransitcom.es.tl\/\">Asociaci\u00f3n Civil para la Prevenci\u00f3n de Accidentes de Tr\u00e1nsito y Apoyo a sus V\u00edctimas<\/a>\u00a0(Asotransito)<\/li>\n<li>Fundaci\u00f3n Vida y Diabetes<\/li>\n<li><a href=\"http:\/\/www.paho.org\/home_spa.htm\">Organizaci\u00f3n Panamericana de la Salud\u00a0<\/a>(OPS)<\/li>\n<li>Fundaci\u00f3n de Educaci\u00f3n y Seguridad Vial (Fesvial)<\/li>\n<li><a href=\"http:\/\/www.bandesir.org\/\">Banco de Sillas de Rueda<\/a>\u00a0(Bandesir)<\/li>\n<li><a href=\"http:\/\/www.unicef.org\/\">Fondo de las Naciones Unidas para la Infancia<\/a>\u00a0(UNICEF)<\/li>\n<li><a href=\"http:\/\/www.wskfvenezuela.com\/\">Fundaci\u00f3n WSKF Venezuela<\/a><\/li>\n<li><a href=\"http:\/\/www.panterasdemirandabbc.com\/\">Panteras de Miranda BBC<\/a><\/li>\n<li>C\u00e9sar Baena (atleta ol\u00edmpico)<\/li>\n<li><a href=\"http:\/\/www.fesnojiv.gob.ve\/\">Sistema Nacional de Orquestas Juveniles e Infantiles de Venezuela<\/a><\/li>\n<li>Sociedad Civil El Albor<\/li>\n<li>La Escuela de Ciudadanos<\/li>\n<li>Red de madres Padres y Representantes<\/li>\n<li>Asotrasito<\/li>\n<li>Fundaci\u00f3n para la Medicina Familiar<\/li>\n<li>Red Venezolana de Seguridad Vial<\/li>\n<li>Instituto de Movilidad Urbana de Chacao<\/li>\n<li>Instituto Municipal Aut\u00f3nomo de Transporte y Estrategia Superficial de Sucre (IMAT)<\/li>\n<li>Param\u00e9dicos MTTT<\/li>\n<li>Centro de Salud Santa In\u00e9s<\/li>\n<li>Museo de Los Ni\u00f1os<\/li>\n<li>Fundaci\u00f3n Bengoa<\/li>\n<li>Protecci\u00f3n Civil del Estado Miranda<\/li>\n<li>Guardia Nacional Bolivariana<\/li>\n<li>Fundaci\u00f3n Ideas<\/li>\n<li>Centro de Formaci\u00f3n Popular Renaciendo Juntos (Ceporejun)<\/li>\n<li>Asociaci\u00f3n Civil Cultura para la Vida<\/li>\n<li>Fundaci\u00f3n Rotary Barcelona<\/li>\n<li>Educaci\u00f3n Vial y Ciudad<\/li>\n<li>Universidad Metropolitana, CENDECO<\/li>\n<li>Instituto Zuliano de Diabetes<\/li>\n<\/ul>\n","protected":false},"excerpt":{"rendered":"<p>Como parte de nuestro plan estrat\u00e9gico, el establecimiento y consolidaci\u00f3n de v\u00ednculos institucionales con diversas organizaciones p\u00fablicas y privadas constituye un objetivo fundamental para sumar voluntades en torno a los temas de Diabetes y\u00a0Seguridad Vial, convencidos como estamos de la complejidad de estos asuntos dentro de los m\u00e1s relevantes problemas de salud p\u00fablica del pa\u00eds. [&hellip;]<\/p>\n","protected":false},"author":1,"featured_media":0,"parent":4,"menu_order":0,"comment_status":"open","ping_status":"open","template":"","meta":{"_monsterinsights_skip_tracking":false,"_monsterinsights_sitenote_active":false,"_monsterinsights_sitenote_note":"","_monsterinsights_sitenote_category":0,"footnotes":""},"class_list":["post-53","page","type-page","status-publish","hentry"],"aioseo_notices":[],"_links":{"self":[{"href":"https:\/\/fundacionseguroscaracas.com\/index.php?rest_route=\/wp\/v2\/pages\/53","targetHints":{"allow":["GET"]}}],"collection":[{"href":"https:\/\/fundacionseguroscaracas.com\/index.php?rest_route=\/wp\/v2\/pages"}],"about":[{"href":"https:\/\/fundacionseguroscaracas.com\/index.php?rest_route=\/wp\/v2\/types\/page"}],"author":[{"embeddable":true,"href":"https:\/\/fundacionseguroscaracas.com\/index.php?rest_route=\/wp\/v2\/users\/1"}],"replies":[{"embeddable":true,"href":"https:\/\/fundacionseguroscaracas.com\/index.php?rest_route=%2Fwp%2Fv2%2Fcomments&post=53"}],"version-history":[{"count":5,"href":"https:\/\/fundacionseguroscaracas.com\/index.php?rest_route=\/wp\/v2\/pages\/53\/revisions"}],"predecessor-version":[{"id":2040,"href":"https:\/\/fundacionseguroscaracas.com\/index.php?rest_route=\/wp\/v2\/pages\/53\/revisions\/2040"}],"up":[{"embeddable":true,"href":"https:\/\/fundacionseguroscaracas.com\/index.php?rest_route=\/wp\/v2\/pages\/4"}],"wp:attachment":[{"href":"https:\/\/fundacionseguroscaracas.com\/index.php?rest_route=%2Fwp%2Fv2%2Fmedia&parent=53"}],"curies":[{"name":"wp","href":"https:\/\/api.w.org\/{rel}","templated":true}]}}