{"id":7,"date":"2012-04-30T20:06:58","date_gmt":"2012-04-30T20:06:58","guid":{"rendered":"http:\/\/thesis.elmesondelosruices.com\/?page_id=7"},"modified":"2020-03-17T01:23:15","modified_gmt":"2020-03-17T01:23:15","slug":"menu","status":"publish","type":"page","link":"https:\/\/fundacionseguroscaracas.com\/?page_id=7","title":{"rendered":"Donaciones"},"content":{"rendered":"<h3><strong>Procedimiento de donaciones<\/strong><\/h3>\n<p>Queremos mantenerles debidamente informados a trav\u00e9s de este medio, acerca de los temas en los cuales la Fundaci\u00f3n Seguros Caracas enfoca su acci\u00f3n y los requisitos necesarios para la tramitaci\u00f3n de las solicitudes de donaci\u00f3n.<\/p>\n<p>Todo ello con el objetivo de darle un uso m\u00e1s eficiente a los recursos y tiempo tanto de la Fundaci\u00f3n como de ustedes y as\u00ed poder atender con diligencia sus planteamientos.<\/p>\n<p>Aqu\u00ed podr\u00e1 conocer la Pol\u00edtica de Donaciones as\u00ed como la Ficha e Registro de Solicitudes. Los invitamos a leerlas con detenimiento para estar en completo conocimiento de los t\u00e9rminos y condiciones necesarios y con ello hacer un uso m\u00e1s eficiente de este recurso.<\/p>\n<p>La Fundaci\u00f3n Seguros Caracas enfoca sus programas y actividades en 2 temas clave de la salud p\u00fablica: Diabetes y\u00a0<a href=\"http:\/\/tuseguridadvial.org\/\">Seguridad Vial<\/a>. Privilegiamos solicitudes dirigidas a iniciar o fortalecer iniciativas relacionadas con estos asuntos, desde las diferentes perspectivas que cada organizaci\u00f3n desarrolle, especialmente en las siguientes l\u00edneas de actuaci\u00f3n: prevenci\u00f3n, atenci\u00f3n, formaci\u00f3n, investigaci\u00f3n y\/o coordinaci\u00f3n.<\/p>\n<p><strong>\u00a0Procedimiento para tramitaci\u00f3n de solicitudes de donaciones<\/strong><\/p>\n<p><strong>Consideraciones Generales<\/strong><\/p>\n<p>Todas las solicitudes de donaci\u00f3n recibidas por Seguros Caracas ser\u00e1n remitidas a la Fundaci\u00f3n para que con base a los criterios definidos en este procedimiento se decida su aprobaci\u00f3n o rechazo.<\/p>\n<p>La instancia a cargo de aprobaci\u00f3n o rechazo de las solicitudes de donaci\u00f3n ser\u00e1 el Comit\u00e9 Ejecutivo de la Fundaci\u00f3n el cual est\u00e1 constituido por su presidente, vicepresidente y gerente general.<\/p>\n<p>No se aprobar\u00e1n donaciones para:<\/p>\n<ul>\n<li>Personas naturales a menos que la solicitud sea aprobada un\u00e1nimemente por el Comit\u00e9 Ejecutivo de la Fundaci\u00f3n<\/li>\n<li>\u00a0Organizaciones con menos de 2 a\u00f1os de constituidas<\/li>\n<li>Organizaciones pol\u00edticas<\/li>\n<li>Reducci\u00f3n o liquidaci\u00f3n de deudas<\/li>\n<li>Fundaciones u organizaciones que hagan donaciones<\/li>\n<\/ul>\n<p><strong style=\"font-size: inherit;\">Recepci\u00f3n de solicitudes<\/strong><\/p>\n<p>Toda solicitud de donaci\u00f3n hecha a Seguros Caracas debe contener la siguiente informaci\u00f3n:<br \/>\u2022 Identificaci\u00f3n de la organizaci\u00f3n y del solicitante (incluyendo direcci\u00f3n y persona a contactar)<br \/>\u2022 Objeto de la solicitud (detallando tipo de actividad y monto solicitado)<br \/>\u2022 Fecha de la solicitud<br \/>\u2022 Copia del acta constitutiva y estatutos registrados<br \/>\u2022 Calificaci\u00f3n de exenci\u00f3n del impuesto sobre la renta emitida por el Seniat<br \/>\u2022 Copia de c\u00e9dula de identidad del representante de la organizaci\u00f3n<br \/>\u2022 Copia del Rif de la organizaci\u00f3n<\/p>\n<p>Todas las solicitudes de donaci\u00f3n que se reciben en la empresa deben enviarse a la Fundaci\u00f3n, donde se registrar\u00e1n en una base de datos.<\/p>\n<p><strong>An\u00e1lisis de solicitudes recibidas<\/strong><\/p>\n<p><strong><br \/><\/strong>Las solicitudes recibidas ser\u00e1n revisadas por la Fundaci\u00f3n para recomendar al Comit\u00e9 Ejecutivo de la Fundaci\u00f3n el curso de acci\u00f3n correspondiente. Dicha revisi\u00f3n incluye:<\/p>\n<ul>\n<li>Monto solicitado;<\/li>\n<li>Destino y objetivo del financiamiento;<\/li>\n<li>Verificaci\u00f3n de documentos requeridos;<\/li>\n<\/ul>\n<p>Todas las solicitudes deben venir acompa\u00f1adas de presupuestos comerciales actualizados en caso de solicitar equipos; y\/o presupuesto detallado en caso de requerir los fondos para la realizaci\u00f3n de programas o prestaci\u00f3n de servicios determinados.<\/p>\n<p>Para completar la informaci\u00f3n de la solicitud, la Fundaci\u00f3n podr\u00e1: comunicarse telef\u00f3nicamente con los solicitantes; realizar reuniones con solicitantes; y visitar la sede del solicitante.<\/p>\n<p><strong>Selecci\u00f3n y tramitaci\u00f3n de solicitudes<\/strong><\/p>\n<p>La Fundaci\u00f3n preparar\u00e1 ficha informativa (Anexo 1) registrando las caracter\u00edsticas b\u00e1sicas de la solicitud: solicitante, objeto de la solicitud y monto requerido, la cual se presentar\u00e1 al Comit\u00e9 Ejecutivo de la Fundaci\u00f3n para la decisi\u00f3n correspondiente.<\/p>\n<p>En caso que la solicitud sea aprobada, la Fundaci\u00f3n se har\u00e1 cargo de los tr\u00e1mites administrativos para el pago de la donaci\u00f3n con cargo al presupuesto de Seguros Caracas y con el apoyo de las instancias administrativas de la empresa.<\/p>\n<p>La Fundaci\u00f3n tambi\u00e9n debe dar respuesta a las solicitudes rechazadas explicando las razones que motivaron tal decisi\u00f3n.<\/p>\n<p><strong>Otorgamiento de solicitudes de donaci\u00f3n aprobadas<\/strong><\/p>\n<p>Cuando una solicitud de donaci\u00f3n es aprobada se inicia el proceso administrativo financiero del otorgamiento de la donaci\u00f3n el cual no debe exceder los 30 d\u00edas continuos.<\/p>\n<p>La Fundaci\u00f3n llevar\u00e1 un registro e incluir\u00e1 en la base de datos el proceso de otorgamiento formal, pagos y finiquito de la donaci\u00f3n. En caso de que sea necesario, y a petici\u00f3n de la unidad a cargo de la gesti\u00f3n administrativa financiera de la donaci\u00f3n aprobada, la Fundaci\u00f3n podr\u00e1 solicitar informaci\u00f3n o recaudos adicionales al beneficiario de la donaci\u00f3n.<\/p>\n<p>Para el correcto seguimiento a las solicitudes aprobadas, la Fundaci\u00f3n preparar\u00e1 un informe semestral del estatus de las donaciones otorgadas por la Empresa.<\/p><\/p>\n","protected":false},"excerpt":{"rendered":"<p>Procedimiento de donaciones Queremos mantenerles debidamente informados a trav\u00e9s de este medio, acerca de los temas en los cuales la Fundaci\u00f3n Seguros Caracas enfoca su acci\u00f3n y los requisitos necesarios para la tramitaci\u00f3n de las solicitudes de donaci\u00f3n. Todo ello con el objetivo de darle un uso m\u00e1s eficiente a los recursos y tiempo tanto [&hellip;]<\/p>\n","protected":false},"author":1,"featured_media":0,"parent":4,"menu_order":0,"comment_status":"open","ping_status":"open","template":"","meta":{"_monsterinsights_skip_tracking":false,"_monsterinsights_sitenote_active":false,"_monsterinsights_sitenote_note":"","_monsterinsights_sitenote_category":0,"footnotes":""},"class_list":["post-7","page","type-page","status-publish","hentry"],"aioseo_notices":[],"_links":{"self":[{"href":"https:\/\/fundacionseguroscaracas.com\/index.php?rest_route=\/wp\/v2\/pages\/7","targetHints":{"allow":["GET"]}}],"collection":[{"href":"https:\/\/fundacionseguroscaracas.com\/index.php?rest_route=\/wp\/v2\/pages"}],"about":[{"href":"https:\/\/fundacionseguroscaracas.com\/index.php?rest_route=\/wp\/v2\/types\/page"}],"author":[{"embeddable":true,"href":"https:\/\/fundacionseguroscaracas.com\/index.php?rest_route=\/wp\/v2\/users\/1"}],"replies":[{"embeddable":true,"href":"https:\/\/fundacionseguroscaracas.com\/index.php?rest_route=%2Fwp%2Fv2%2Fcomments&post=7"}],"version-history":[{"count":8,"href":"https:\/\/fundacionseguroscaracas.com\/index.php?rest_route=\/wp\/v2\/pages\/7\/revisions"}],"predecessor-version":[{"id":2038,"href":"https:\/\/fundacionseguroscaracas.com\/index.php?rest_route=\/wp\/v2\/pages\/7\/revisions\/2038"}],"up":[{"embeddable":true,"href":"https:\/\/fundacionseguroscaracas.com\/index.php?rest_route=\/wp\/v2\/pages\/4"}],"wp:attachment":[{"href":"https:\/\/fundacionseguroscaracas.com\/index.php?rest_route=%2Fwp%2Fv2%2Fmedia&parent=7"}],"curies":[{"name":"wp","href":"https:\/\/api.w.org\/{rel}","templated":true}]}}